{"id":111,"date":"2016-12-12T23:49:56","date_gmt":"2016-12-12T22:49:56","guid":{"rendered":"http:\/\/www.chor.pw.edu.pl\/?page_id=111"},"modified":"2022-04-12T13:10:24","modified_gmt":"2022-04-12T11:10:24","slug":"about","status":"publish","type":"page","link":"https:\/\/www.chor.pw.edu.pl\/index.php\/en\/about\/","title":{"rendered":"About us"},"content":{"rendered":"<div id=\"pl-111\"  class=\"panel-layout\" ><div id=\"pg-111-0\"  class=\"panel-grid panel-no-style\" ><div id=\"pgc-111-0-0\"  class=\"panel-grid-cell\" ><div id=\"panel-111-0-0-0\" class=\"so-panel widget widget_sow-editor panel-first-child panel-last-child\" data-index=\"0\" ><div\n\t\t\t\n\t\t\tclass=\"so-widget-sow-editor so-widget-sow-editor-base\"\n\t\t\t\n\t\t>\n<div class=\"siteorigin-widget-tinymce textwidget\">\n\t<p><a href=\"http:\/\/www.chor.pw.edu.pl\/wp-content\/uploads\/2020\/01\/CHAPW.jpg\"><img loading=\"lazy\" decoding=\"async\" src=\"http:\/\/www.chor.pw.edu.pl\/wp-content\/uploads\/2020\/01\/CHAPW.jpg\" alt=\"\" width=\"6434\" height=\"4294\" class=\"alignnone size-full wp-image-1040\" srcset=\"https:\/\/www.chor.pw.edu.pl\/wp-content\/uploads\/2020\/01\/CHAPW.jpg 6434w, https:\/\/www.chor.pw.edu.pl\/wp-content\/uploads\/2020\/01\/CHAPW-300x200.jpg 300w, https:\/\/www.chor.pw.edu.pl\/wp-content\/uploads\/2020\/01\/CHAPW-768x513.jpg 768w, https:\/\/www.chor.pw.edu.pl\/wp-content\/uploads\/2020\/01\/CHAPW-1024x683.jpg 1024w, https:\/\/www.chor.pw.edu.pl\/wp-content\/uploads\/2020\/01\/CHAPW-750x500.jpg 750w, https:\/\/www.chor.pw.edu.pl\/wp-content\/uploads\/2020\/01\/CHAPW-272x182.jpg 272w\" sizes=\"(max-width: 6434px) 100vw, 6434px\" \/><\/a><\/p>\n<p><strong>Warsaw University of Technology Academic Choir<\/strong><\/p>\n<p>It was established in 2000. It is created by the graduates of the Warsaw University of Technology \u2013 young and ambitious singers, who devote themselves to the passion of making music in the ensemble.<\/p>\n<p>The choir's rich repertoire includes, above all, the latest choral music a cappella, including pieces rarely performed in Poland. Warsaw UT Choir has works by recognized masters of the Renaissance and Romanticism as well as great vocal and instrumental forms (including: K. Penderecki \u2013 <em>Seven Gates of Jerusalem<\/em>, G. Mahler <em>Symphony II<\/em> and <em>Symphony VIII<\/em>, also other works by J. Brahms, J. Haydn, W. A. Mozart, L. van Beethoven).<\/p>\n<p>The choir is the winner of several national and international choir competitions, including a three-time winner of the <em>Rubinowa Lutnia<\/em> \u2013 a trophy of the National <em>Legnica Cantat<\/em> Choirs Tournament. In 2018 he was the winner of the <em>Grand Prix Polskiej Ch\u00f3ralistyki im. Stefana Stuligrosza<\/em>.<\/p>\n<p>Warsaw UT Choir prepares about 10 concert programs during the artistic season. It is worth mentioning here that the regular participation of the ensemble in the prestigious cycle <em>Wielka Muzyka w Ma\u0142ej Auli<\/em>, organized under the auspices of the University of Technology, as well as concerts at the invitation of national philharmonics and renowned festivals, and projects with film music. He has over 30 premieres of Polish and foreign music to his credit. He collaborated with many personalities from the music world, such as: Krzysztof Penderecki, Marcin Na\u0142\u0119cz-Niesio\u0142owski, Vytautas Mi\u0161kinis, Brady Allred, Ko Matsushita, Vaclovas Augustinas, Paul Mealor, Kent Hatteberg.<\/p>\n<p>Since 2004 the Warsaw UT Choir has been conducted by Dariusz Zimnicki, the pedagogue of the Frederic Chopin University of Music in Warsaw. The second conductor is Justyna Pakulak and vocal technique education of the choir members is run by Katarzyna Paw\u0142owska.<\/p>\n<p><u>Choir staff:<\/u><\/p>\n<p>dr hab. Dariusz Zimnicki \u2013 conductor<\/p>\n<p>dr Justyna Pakulak \u2013 II conductor<\/p>\n<p>Katarzyna Karbownik \u2013 assistant conductor<\/p>\n<p>Katarzyna Paw\u0142owska, Alicja Gala \u2013 voice emission<\/p>\n<p><a href=\"http:\/\/www.chor.pw.edu.pl\/wp-content\/uploads\/2016\/12\/CV_ChAPW-2022-ENG-1.pdf\">Download pdf<\/a><\/p>\n<\/div>\n<\/div><\/div><\/div><\/div><\/div>","protected":false},"excerpt":{"rendered":"<p>Warsaw University of Technology Academic Choir It was established in 2000. It is created by the graduates of the Warsaw University of Technology \u2013 young and ambitious singers, who devote themselves to the passion of making music in the ensemble. The choir&#8217;s rich repertoire includes, above all, the latest choral music a cappella, including pieces <a href=\"https:\/\/www.chor.pw.edu.pl\/index.php\/en\/about\/\" rel=\"nofollow\"><span class=\"sr-only\">Read more about About us<\/span>[&#8230;]<\/a><\/p>\n","protected":false},"author":1,"featured_media":0,"parent":0,"menu_order":0,"comment_status":"closed","ping_status":"closed","template":"","meta":{"footnotes":""},"_links":{"self":[{"href":"https:\/\/www.chor.pw.edu.pl\/index.php\/wp-json\/wp\/v2\/pages\/111"}],"collection":[{"href":"https:\/\/www.chor.pw.edu.pl\/index.php\/wp-json\/wp\/v2\/pages"}],"about":[{"href":"https:\/\/www.chor.pw.edu.pl\/index.php\/wp-json\/wp\/v2\/types\/page"}],"author":[{"embeddable":true,"href":"https:\/\/www.chor.pw.edu.pl\/index.php\/wp-json\/wp\/v2\/users\/1"}],"replies":[{"embeddable":true,"href":"https:\/\/www.chor.pw.edu.pl\/index.php\/wp-json\/wp\/v2\/comments?post=111"}],"version-history":[{"count":11,"href":"https:\/\/www.chor.pw.edu.pl\/index.php\/wp-json\/wp\/v2\/pages\/111\/revisions"}],"predecessor-version":[{"id":1175,"href":"https:\/\/www.chor.pw.edu.pl\/index.php\/wp-json\/wp\/v2\/pages\/111\/revisions\/1175"}],"wp:attachment":[{"href":"https:\/\/www.chor.pw.edu.pl\/index.php\/wp-json\/wp\/v2\/media?parent=111"}],"curies":[{"name":"wp","href":"https:\/\/api.w.org\/{rel}","templated":true}]}}