{"id":1282,"date":"2024-03-29T18:28:18","date_gmt":"2024-03-29T17:28:18","guid":{"rendered":"https:\/\/www.chor.pw.edu.pl\/?page_id=1282"},"modified":"2024-03-29T18:54:47","modified_gmt":"2024-03-29T17:54:47","slug":"deklaracja-dostepnosci","status":"publish","type":"page","link":"https:\/\/www.chor.pw.edu.pl\/index.php\/pl\/deklaracja-dostepnosci\/","title":{"rendered":"Deklaracja dost\u0119pno\u015bci"},"content":{"rendered":"<p id=\"a11y-wstep\"><span id=\"a11y-podmiot\">Ch\u00f3r Akademicki Politechniki Warszawskiej<\/span> zobowi\u0105zuje si\u0119 zapewni\u0107 dost\u0119pno\u015b\u0107 swojej strony internetowej zgodnie z przepisami ustawy z dnia 4 kwietnia 2019 r. o dost\u0119pno\u015bci cyfrowej stron internetowych i aplikacji mobilnych podmiot\u00f3w publicznych.<\/p>\n<p>Deklaracja dost\u0119pno\u015bci dotyczy strony internetowej <a id=\"a11y-url\" href=\"https:\/\/www.chor.pw.edu.pl\/\">https:\/\/www.chor.pw.edu.pl\/<\/a><\/p>\n<p>Data publikacji strony internetowej: <span id=\"a11y-data-publikacja\">2010-12-12<\/span>.<\/p>\n<p>Data ostatniej istotnej aktualizacji: <span id=\"a11y-data-aktualizacja\">2022-05-29<\/span>.<\/p>\n<h2>Stan dost\u0119pno\u015bci cyfrowej<\/h2>\n<p id=\"a11y-status\"><strong>Strona internetowa jest cz\u0119\u015bciowo zgodna<\/strong> z ustaw\u0105 z dnia 4 kwietnia 2019 r. o dost\u0119pno\u015bci cyfrowej stron internetowych i aplikacji mobilnych podmiot\u00f3w publicznych z powodu niezgodno\u015bci lub wy\u0142\u0105cze\u0144 wymienionych poni\u017cej.<\/p>\n<h3>Niedost\u0119pne elementy i tre\u015bci<\/h3>\n<ul>\n<li>Niekt\u00f3re elementy strony nie s\u0105 dost\u0119pne cyfrowo.<\/li>\n<li>Niekt\u00f3re elementy strony mog\u0105 nie wy\u015bwietla\u0107 si\u0119 prawid\u0142owo na urz\u0105dzeniach mobilnych.<\/li>\n<li>Strona mo\u017ce posiada\u0107 tzw. kr\u00f3tkie linki (bez informacji o ich celu w nazwie).<\/li>\n<li>Ze wzgl\u0119du na charakter dzia\u0142alno\u015bci Ch\u00f3ru, kt\u00f3ra w wi\u0119kszo\u015bci dotyczy sfery\u00a0 muzyki i brzmienia, niemo\u017cliwe jest przekazanie tre\u015bci d\u017awi\u0119kowych zawartych w nagraniach Ch\u00f3ru osobom nies\u0142ysz\u0105cym i g\u0142uchym.<\/li>\n<\/ul>\n<h2>Przygotowanie deklaracji dost\u0119pno\u015bci<\/h2>\n<p>Data sporz\u0105dzenia deklaracji: <span id=\"a11y-data-sporzadzenie\">2024-03-26<\/span>.<\/p>\n<p>Data ostatniego przegl\u0105du deklaracji: 2024-03-26.<\/p>\n<p>Deklaracj\u0119 sporz\u0105dzono na podstawie samooceny przeprowadzonej przez podmiot publiczny.<\/p>\n<h2>Skr\u00f3ty klawiaturowe<\/h2>\n<p>Na tej stronie internetowej mo\u017cna korzysta\u0107 ze standardowych skr\u00f3t\u00f3w klawiaturowych.<\/p>\n<h2 id=\"a11y-kontakt\">Informacje zwrotne i dane kontaktowe<\/h2>\n<p>Na tej stronie internetowej s\u0105 problemy, kt\u00f3re wynikaj\u0105 z niespe\u0142nienia wymog\u00f3w dost\u0119pno\u015bci cyfrowej? Zg\u0142o\u015b to do <span id=\"a11y-osoba\">El\u017cbiety Kurpiewskiej<\/span>, e-mailowo \u2014 <a href=\"mailto:elzbieta.kurpiewska@pw.edu.pl\" id=\"a11y-email\">elzbieta.kurpiewska@pw.edu.pl<\/a> lub telefonicznie \u2014 <span id=\"a11y-telefon\">(22) 234 70 09<\/span>.<\/p>\n<div id=\"a11y-procedura\">W zg\u0142oszeniu podaj:<\/p>\n<ul>\n<li>swoje imi\u0119 i nazwisko;<\/li>\n<li>swoje dane kontaktowe (np. numer telefonu, e-mail);<\/li>\n<li>dok\u0142adny adres strony internetowej, na kt\u00f3rej jest niedost\u0119pny element lub tre\u015b\u0107;<\/li>\n<li>opis, na czym polega problem i jaki spos\u00f3b jego rozwi\u0105zania by\u0142by dla Ciebie najwygodniejszy.<\/li>\n<\/ul>\n<\/div>\n<h2>Obs\u0142uga wniosk\u00f3w i skarg zwi\u0105zanych z dost\u0119pno\u015bci\u0105\u00a0<\/h2>\n<p>Na Twoje zg\u0142oszenie odpowiemy najszybciej jak to mo\u017cliwe, nie p\u00f3\u017aniej ni\u017c w ci\u0105gu 14 dni od jego otrzymania.<\/p>\n<p>Je\u017celi ten termin b\u0119dzie dla nas zbyt kr\u00f3tki, poinformujemy Ci\u0119 o tym. W tej informacji podamy nowy termin, do kt\u00f3rego poprawimy zg\u0142oszone przez Ciebie b\u0142\u0119dy lub przygotujemy informacje w alternatywny spos\u00f3b. Ten nowy termin nie b\u0119dzie d\u0142u\u017cszy ni\u017c 2 miesi\u0105ce.<\/p>\n<p>Je\u017celi nie b\u0119dziemy w stanie zapewni\u0107 dost\u0119pno\u015bci cyfrowej strony internetowej lub tre\u015bci wed\u0142ug Twojego zg\u0142oszenia, zaproponujemy Ci dost\u0119p do nich w alternatywny spos\u00f3b.<\/p>\n<p>Je\u017celi nadal b\u0119dziesz mie\u0107 uwagi do naszych dzia\u0142a\u0144 zwi\u0105zane z dost\u0119pno\u015bci\u0105 cyfrow\u0105, mo\u017cesz zg\u0142osi\u0107 je do Sekcji ds. Os\u00f3b z Niepe\u0142nosprawno\u015bciami. Mie\u015bci si\u0119 ona w ramach Biura ds. Spo\u0142ecznej Odpowiedzialno\u015bci Uczelni. Adres e-mail to: <a href=\"mailto:wsparcie.son@pw.edu.pl\">wsparcie.son@pw.edu.pl<\/a>.<\/p>\n<h2 id=\"a11y-architektura\">Dost\u0119pno\u015b\u0107 architektoniczna<\/h2>\n<ol>\n<li>Do budynku prowadz\u0105 2 wej\u015bcia od ul. Wary\u0144skiego, g\u0142\u00f3wne jest bezpo\u015brednio przy ulicy, drugie z nich jest wej\u015bciem bocznym za ogrodzeniem terenu przy budynku. Do obu wej\u015b\u0107 prowadz\u0105 schody oraz podjazd dla w\u00f3zk\u00f3w.<\/li>\n<li>Recepcja znajduje si\u0119 po lewej stronie wej\u015bcia g\u0142\u00f3wnego. Dalsze przej\u015bcie do siedziby Ch\u00f3ru prowadzi przez dwoje drzwi, przez kt\u00f3re mo\u017ce przejecha\u0107 osoba na w\u00f3zku.<\/li>\n<li>Siedziba Ch\u00f3ru znajduje si\u0119 na parterze budynku, do wszystkich pomieszcze\u0144 mog\u0105 wjecha\u0107 osoby na w\u00f3zku. W budynku jest winda.<\/li>\n<li>W siedzibie Ch\u00f3ru nie ma toalety przystosowanej dla os\u00f3b z niepe\u0142nosprawno\u015bciami.<\/li>\n<li>Na zamkni\u0119tym parkingu przy budynku wyznaczono 2 miejsca parkingowe dla os\u00f3b z niepe\u0142nosprawno\u015bciami. Wjazd na parking jest mo\u017cliwy po skontaktowaniu si\u0119 z recepcj\u0105 budynku, dzwonek znajduje si\u0119 przy bramach parkingowych od ul. Wary\u0144skiego i od ul. Polnej.<\/li>\n<li>Do budynku i wszystkich jego pomieszcze\u0144 mo\u017cna wej\u015b\u0107 z psem asystuj\u0105cym lub psem przewodnikiem.<\/li>\n<li>W budynku nie ma p\u0119tli indukcyjnych.<\/li>\n<li>W budynku nie ma mo\u017cliwo\u015bci korzystania z t\u0142umacza polskiego j\u0119zyka migowego.<\/li>\n<\/ol>\n","protected":false},"excerpt":{"rendered":"<p>Ch\u00f3r Akademicki Politechniki Warszawskiej zobowi\u0105zuje si\u0119 zapewni\u0107 dost\u0119pno\u015b\u0107 swojej strony internetowej zgodnie z przepisami ustawy z dnia 4 kwietnia 2019 r. o dost\u0119pno\u015bci cyfrowej stron internetowych i aplikacji mobilnych podmiot\u00f3w publicznych. Deklaracja dost\u0119pno\u015bci dotyczy strony internetowej https:\/\/www.chor.pw.edu.pl\/ Data publikacji strony internetowej: 2010-12-12. Data ostatniej istotnej aktualizacji: 2022-05-29. Stan dost\u0119pno\u015bci cyfrowej Strona internetowa jest cz\u0119\u015bciowo zgodna <a href=\"https:\/\/www.chor.pw.edu.pl\/index.php\/pl\/deklaracja-dostepnosci\/\" rel=\"nofollow\"><span class=\"sr-only\">Read more about Deklaracja dost\u0119pno\u015bci<\/span>[&#8230;]<\/a><\/p>\n","protected":false},"author":9,"featured_media":0,"parent":0,"menu_order":0,"comment_status":"closed","ping_status":"closed","template":"","meta":{"footnotes":""},"_links":{"self":[{"href":"https:\/\/www.chor.pw.edu.pl\/index.php\/wp-json\/wp\/v2\/pages\/1282"}],"collection":[{"href":"https:\/\/www.chor.pw.edu.pl\/index.php\/wp-json\/wp\/v2\/pages"}],"about":[{"href":"https:\/\/www.chor.pw.edu.pl\/index.php\/wp-json\/wp\/v2\/types\/page"}],"author":[{"embeddable":true,"href":"https:\/\/www.chor.pw.edu.pl\/index.php\/wp-json\/wp\/v2\/users\/9"}],"replies":[{"embeddable":true,"href":"https:\/\/www.chor.pw.edu.pl\/index.php\/wp-json\/wp\/v2\/comments?post=1282"}],"version-history":[{"count":8,"href":"https:\/\/www.chor.pw.edu.pl\/index.php\/wp-json\/wp\/v2\/pages\/1282\/revisions"}],"predecessor-version":[{"id":1293,"href":"https:\/\/www.chor.pw.edu.pl\/index.php\/wp-json\/wp\/v2\/pages\/1282\/revisions\/1293"}],"wp:attachment":[{"href":"https:\/\/www.chor.pw.edu.pl\/index.php\/wp-json\/wp\/v2\/media?parent=1282"}],"curies":[{"name":"wp","href":"https:\/\/api.w.org\/{rel}","templated":true}]}}