{"id":32,"date":"2016-12-12T22:25:11","date_gmt":"2016-12-12T21:25:11","guid":{"rendered":"http:\/\/www.chor.pw.edu.pl\/?page_id=32"},"modified":"2022-12-15T10:00:29","modified_gmt":"2022-12-15T09:00:29","slug":"kadra","status":"publish","type":"page","link":"https:\/\/www.chor.pw.edu.pl\/index.php\/pl\/kadra\/","title":{"rendered":"Kadra"},"content":{"rendered":"<div id=\"pl-32\"  class=\"panel-layout\" ><div id=\"pg-32-0\"  class=\"panel-grid panel-no-style\" ><div id=\"pgc-32-0-0\"  class=\"panel-grid-cell\" ><div id=\"panel-32-0-0-0\" class=\"so-panel widget widget_sow-editor panel-first-child panel-last-child\" data-index=\"0\" ><div\n\t\t\t\n\t\t\tclass=\"so-widget-sow-editor so-widget-sow-editor-base\"\n\t\t\t\n\t\t>\n<div class=\"siteorigin-widget-tinymce textwidget\">\n\t<p><span style=\"text-decoration: underline; font-size: 20px;\"><a href=\"https:\/\/www.chor.pw.edu.pl\/wp-content\/uploads\/2016\/12\/Dariusz-Zimnicki_1.jpg\"><img loading=\"lazy\" decoding=\"async\" class=\"alignleft wp-image-1020\" style=\"padding-bottom: 20px;\" src=\"https:\/\/www.chor.pw.edu.pl\/wp-content\/uploads\/2016\/12\/Dariusz-Zimnicki_1.jpg\" sizes=\"(max-width: 400px) 100vw, 400px\" srcset=\"https:\/\/www.chor.pw.edu.pl\/wp-content\/uploads\/2016\/12\/Dariusz-Zimnicki_1.jpg 1105w, https:\/\/www.chor.pw.edu.pl\/wp-content\/uploads\/2016\/12\/Dariusz-Zimnicki_1-261x300.jpg 261w, https:\/\/www.chor.pw.edu.pl\/wp-content\/uploads\/2016\/12\/Dariusz-Zimnicki_1-768x881.jpg 768w, https:\/\/www.chor.pw.edu.pl\/wp-content\/uploads\/2016\/12\/Dariusz-Zimnicki_1-892x1024.jpg 892w\" width=\"400\" height=\"459\" \/><\/a><\/span><\/p>\n<p><strong style=\"font-size: 28px;\">Dyrygent\u00a0i\u00a0kierownik zespo\u0142u<\/strong><\/p>\n<p><span style=\"text-decoration: underline; font-size: 20px;\">dr hab. Dariusz Zimnicki<\/span><\/p>\n<p>Absolwent Konserwatorium Wile\u0144skiego oraz Akademii Muzycznej w Warszawie w specjalno\u015bci dyrygentura ch\u00f3ralna (klasa prof. Ryszarda Zimaka).<\/p>\n<p>Jest profesorem Uniwersytetu Muzycznego Fryderyka Chopina, kierownikiem Katedry Dyrygentury Ch\u00f3ralnej.\u00a0Od roku 2004 prowadzi Ch\u00f3r Akademicki Politechniki Warszawskiej oraz Ch\u00f3r Archikatedry Warszawskiej. Jest wsp\u00f3\u0142za\u0142o\u017cycielem (2011) i dyrygentem ch\u00f3ru \"Tibi Domine\". Z powy\u017cszymi zespo\u0142ami aktywnie koncertuje przygotowuj\u0105c bardzo zr\u00f3\u017cnicowane programy a cappella, jak r\u00f3wnie\u017c dzie\u0142a wokalno-instrumentalne (W. A. Mozart, L. van Beethoven, G. F. Haendel, J. S. Bach, J. Haydn, F. Schubert oraz utwory wsp\u00f3\u0142czesnych kompozytor\u00f3w).<\/p>\n<p>Wyr\u00f3\u017cnia si\u0119 licznymi inicjatywami w wykonywaniu utwor\u00f3w najnowszych i nowo odkrytych w literaturze ch\u00f3ralnej. Dotychczas przygotowa\u0142 i poprowadzi\u0142 ponad 40 prawykona\u0144 muzyki wokalnej i wokalno instrumentalnej. Z powodzeniem wyst\u0119puje na krajowych i zagranicznych festiwalach oraz konkursach (ponad 30 nagr\u00f3d). Wraz z ChAPW jest zwyci\u0119zc\u0105 m.in. najbardziej presti\u017cowego krajowego konkursu ch\u00f3ralnego - Grand Prix Polskiej Ch\u00f3ralistyki oraz trzykrotnym laureatem Turnieju Ch\u00f3r\u00f3w Legnica Cantat.<\/p>\n<p>Dariusz Zimnicki pr\u0119\u017cnie dzia\u0142a jako animator ch\u00f3ralnego \u017cycia muzycznego. Pasjonuje si\u0119 komponowaniem muzyki wokalnej. Udziela si\u0119 jako prelegent oraz ekspert i juror w\u00a0przedsi\u0119wzi\u0119ciach na szczeblu og\u00f3lnopolskim i mi\u0119dzynarodowym. Wyst\u0105pi\u0142 na niezliczonej ilo\u015bci prezentacji, wyk\u0142ad\u00f3w i\u00a0warsztat\u00f3w w Europie, Ameryce i Azji. Jest corocznym jurorem Llangollen International Musical Eisteddfod w Wielkiej Brytanii.<\/p>\n<p>Jest pomys\u0142odawc\u0105 i organizatorem Mi\u0119dzynarodowej Konferencji Naukowo \u2013 Artystycznej \u201eOsobowo\u015b\u0107 dyrygenta\u201d, na kt\u00f3rej promuje najbardziej warto\u015bciowe cechy lider\u00f3w zespo\u0142\u00f3w wokalnych. Do tej pory go\u015bci\u0142 wyk\u0142adowc\u00f3w z ponad 20 kraj\u00f3w \u015bwiata.<\/p>\n<hr \/>\n<\/div>\n<\/div><\/div><\/div><\/div><div id=\"pg-32-1\"  class=\"panel-grid panel-no-style\" ><div id=\"pgc-32-1-0\"  class=\"panel-grid-cell\" ><div id=\"panel-32-1-0-0\" class=\"so-panel widget widget_sow-editor panel-first-child panel-last-child\" data-index=\"1\" ><div\n\t\t\t\n\t\t\tclass=\"so-widget-sow-editor so-widget-sow-editor-base\"\n\t\t\t\n\t\t>\n<div class=\"siteorigin-widget-tinymce textwidget\">\n\t<p><img loading=\"lazy\" decoding=\"async\" class=\" wp-image-202 alignleft wow fadeInLeft\" style=\"padding-bottom: 20px;\" src=\"https:\/\/www.chor.pw.edu.pl\/wp-content\/uploads\/2016\/12\/kasia.jpg\" alt=\"\" width=\"418\" height=\"424\"\/><strong style=\"font-size: 28px;\">Emisja g\u0142osu<\/strong><\/p>\n<p><span style=\"text-decoration: underline; font-size: 20px;\">Katarzyna Paw\u0142owska \u2013 mezzosopran<\/span><\/p>\n<p>Pochodzi z Nowego S\u0105cza. Uko\u0144czy\u0142a z wyr\u00f3\u017cnieniem Akademi\u0119 Muzyczn\u0105 im. Fryderyka Chopina w&nbsp;Warszawie w klasie \u015bpiewu Haliny S\u0142onickiej i Jolanty Janucik. Jej profesorami byli r\u00f3wnie\u017c Marjana Lipovsek, Alfred Burgstaller, Jadwiga Rappe, Zofia Witkowska oraz Claudia Visca, u kt\u00f3rych doskonali\u0142a sw\u00f3j kunszt wokalny w ramach licznych&nbsp;kurs\u00f3w mistrzowskich.<\/p>\n<p>Jest laureatk\u0105 nagrody specjalnej za interpretacj\u0119 polskiej muzyki wsp\u00f3\u0142czesnej na Mi\u0119dzynarodowym Konkursie Wokalnym im. Ady Sari w Nowym S\u0105czu, a tak\u017ce I Wyr\u00f3\u017cnienia na Og\u00f3lnopolskim Konkursie Wokalnym w Dusznikach Zdroju.<\/p>\n<p>Za swoje walory wokalne by\u0142a dwukrotnie nagradzana przez Austriackie Forum Kultury w&nbsp;Warszawie, by\u0142a te\u017c stypendystk\u0105 Ministra Kultury i Sztuki. W swoim repertuarze artystka posiada partie operowe od baroku po romantyzm. Debiutowa\u0142a w roli <em>Argone<\/em> w operze <em>Sosarme <\/em>Jerzego Fryderyka Haendla. Podczas letniego festiwalu w Aix-en<em> Aix-en-Provence we Francji <\/em>wyst\u0119powa\u0142a z kolei w<em> Eugeniuszu Onieginie<\/em> Piotra Czajkowskiego.<\/p>\n<p>Jako wykonawczyni repertuaru oratoryjno-kantatowego i pie\u015bniarskiego artystka wyst\u0119powa\u0142a na scenach Filharmoni \u0141\u00f3dzkiej, Lubelskiej. Koncertowa\u0142a r\u00f3wnie\u017c w warszawskim Studiu Koncertowym Polskiego Radia im. Witolda Lutos\u0142awskiego, w Instytucie Polskim w Wiedniu, a tak\u017ce podczas wa\u017cnych festiwali w kraju i za granic\u0105. Od 2014r. wsp\u00f3\u0142pracuje z Filharmoni\u0105 Narodow\u0105 w Waszawie.<\/p>\n<p>Z powodzeniem \u0142\u0105czy prac\u0119 solistki i nauczyciela emisji g\u0142osu. Wsp\u00f3\u0142pracowa\u0142a z warszawskim ch\u00f3rami akademickimi, np. Tibi Domine oraz z Ch\u00f3rem Wojskowej Akademii Technicznej. Od 2019 r. prowadzi emisj\u0119 g\u0142os\u00f3w ch\u00f3rzyst\u00f3w Politechniki Warszawskiej.<\/p>\n<hr \/>\n<\/div>\n<\/div><\/div><\/div><\/div><div id=\"pg-32-2\"  class=\"panel-grid panel-no-style\" ><div id=\"pgc-32-2-0\"  class=\"panel-grid-cell\" ><div id=\"panel-32-2-0-0\" class=\"so-panel widget widget_sow-editor panel-first-child panel-last-child\" data-index=\"2\" ><div\n\t\t\t\n\t\t\tclass=\"so-widget-sow-editor so-widget-sow-editor-base\"\n\t\t\t\n\t\t>\n<div class=\"siteorigin-widget-tinymce textwidget\">\n\t<p><img loading=\"lazy\" decoding=\"async\" class=\" wp-image-202 alignright wow fadeInRight\" style=\"padding-bottom: 20px;\" src=\"https:\/\/www.chor.pw.edu.pl\/wp-content\/uploads\/2016\/12\/alicja.jpg\" alt=\"\" width=\"418\" height=\"424\"\/><strong style=\"font-size: 28px;\">Emisja g\u0142osu<\/strong><\/p>\n<p><span style=\"text-decoration: underline; font-size: 20px;\">Alicja Gala - sopran<\/span><\/p>\n<p>Jest absolwentk\u0105\u00a0Uniwersytetu Muzycznego Fryderyka Chopina w Warszawie w klasie \u015bpiewu solowego \u2013 kameralistyka dr hab. Eugenii Rozlach oraz\u00a0Zespo\u0142u Pa\u0144stwowych Og\u00f3lnokszta\u0142c\u0105cych Szk\u00f3\u0142 Muzycznych I i II stopnia nr 3 im. Gra\u017cyny Bacewicz w Warszawie.<\/p>\n<p>Z m\u0119\u017cem Adrianem Gal\u0105 tworzy duet wokalno \u2013 organowy, koncertuj\u0105cy i promuj\u0105cy muzyk\u0119 przeznaczon\u0105 na ten sk\u0142ad. Efektem tej wsp\u00f3\u0142pracy jest m. in. III miejsce na II Konkursie Muzyki Organowej i Organowo-Kameralnej Artem Cameralem Promovere\u00a0 w Mielcu.<\/p>\n<p>W 2019 r. zosta\u0142a laureatk\u0105 III miejsca na II Konkursie Wokalnym im. Carla Loewe w Szczecinie.\u00a0Otrzyma\u0142a r\u00f3wnie\u017c wyr\u00f3\u017cnienie (2012 r.) oraz III miejsce ex aequo (2014 r.) na Og\u00f3lnopolskim Konkursie Wokalnym im. Prof. Haliny S\u0142onickiej w Suwa\u0142kach.<\/p>\n<p>Rozwija\u0142a swoje umiej\u0119tno\u015bci w zakresie muzyki kameralnej w klasie kameralistyki prof. Mai Nosowskiej,\u00a0prof. zw. dr hab. Krystyny Boruci\u0144skiej, prof. zw. dr hab. Katarzyny Jankowskiej, ad. dr Roberta Morawskiego, ad. dr Ma\u0142gorzaty Trzaskalik\u2013Wyrwa oraz dr hab. Bartosza Jakubczaka.<\/p>\n<p>Bra\u0142a udzia\u0142 w kursach wokalnych u prof. Roberta Holzera, prof. Ireny Uss, Anny Miko\u0142ajczyk \u2013 Niewiedzia\u0142, dr hab. Jolanty Janucik, u prof. W\u0142odzimierza Zalewskiego oraz w warsztatach \u201eEdward Grieg i jego czasy\u201d z wybitnymi muzykami: Beryl Foster, Einar R\u00f8ttingen i\u00a0prof. Hilde Haraldsen - Sveen.<\/p>\n<p>Wielokrotnie zapraszana by\u0142a do udzia\u0142u w og\u00f3lnopolskich festiwalach: XVI Tarnog\u00f3rskie Wieczory Muzyki Organowej i Kameralnej, XV Wiosenne Koncerty Muzyki Organowej i\u00a0 Kameralnej w Pruszkowie (2019), XII Festiwal Muzyki Organowej i Kameralnej Ars Musica w 2017, II W\u0119growskim Festiwal Muzyki Organowej i Kameralnej w 2017, Festiwal muzyki organowej i kameralnej w Skierniewicach w 2016 i 2017, V Letnie Koncerty Organowe i Kameralne Na\u0142\u0119cz\u00f3w 2015, Dzieci wsp\u00f3lnej Europy w Antwerpii w 2013. Dawa\u0142a koncerty podczas wa\u017cnych uroczysto\u015bci w IPPT PAN w 2016 i 2017 r. W 2015 roku wykona\u0142a parti\u0119 Medora w studenckiej inscenizacji opery \u201eOrlando Paladino\u201d J. Haydna. W tym samym roku bra\u0142a udzia\u0142 w spektaklu \u201eSuor Angelica\u201d G. Pucciniego, w ramach Mi\u0119dzynarodowej Konferencji Puccini na g\u0142osy.<\/p>\n<p style=\"font-weight: 400; text-align: left;\">Jako solistka wsp\u00f3\u0142pracuje r\u00f3wnie\u017c z ch\u00f3rem In Laetitia, daj\u0105c liczne koncerty: Koncerty po\u015bwi\u0119cone sakralnej tw\u00f3rczo\u015bci Stanis\u0142awa Moniuszki w 2019, Uroczyste kol\u0119dowanie w 2016 i 2017 r., Muzyka warszawskich organist\u00f3w w Archikatedrze w 2017 r.<br \/>\nOd 2019 r. pracuje jako korepetytor emisji g\u0142osu w Ch\u00f3rze Akademickim Politechniki Warszawskiej. Wsp\u00f3\u0142pracuje r\u00f3wnie\u017c z Ch\u00f3rem Wydzia\u0142u Matematyki, Informatyki i Mechaniki Uniwersytetu Warszawskiego, a w latach 2015-2020 z Grodziskim Ch\u00f3rem Bogorya.<\/p>\n<\/div>\n<\/div><\/div><\/div><\/div><\/div>","protected":false},"excerpt":{"rendered":"<p>Dyrygent\u00a0i\u00a0kierownik zespo\u0142udr hab. Dariusz ZimnickiAbsolwent Konserwatorium Wile\u0144skiego oraz Akademii Muzycznej w Warszawie w specjalno\u015bci dyrygentura ch\u00f3ralna (klasa prof. Ryszarda Zimaka).Jest profesorem Uniwersytetu Muzycznego Fryderyka Chopina, kierownikiem Katedry Dyrygentury Ch\u00f3ralnej.\u00a0Od roku 2004 prowadzi Ch\u00f3r Akademicki Politechniki Warszawskiej oraz Ch\u00f3r Archikatedry Warszawskiej. Jest wsp\u00f3\u0142za\u0142o\u017cycielem (2011) i dyrygentem ch\u00f3ru &#8222;Tibi Domine&#8221;. Z powy\u017cszymi zespo\u0142ami aktywnie koncertuje przygotowuj\u0105c bardzo <a href=\"https:\/\/www.chor.pw.edu.pl\/index.php\/pl\/kadra\/\" rel=\"nofollow\"><span class=\"sr-only\">Read more about Kadra<\/span>[&#8230;]<\/a><\/p>\n","protected":false},"author":1,"featured_media":0,"parent":0,"menu_order":0,"comment_status":"closed","ping_status":"closed","template":"template-fullwidth.php","meta":{"footnotes":""},"_links":{"self":[{"href":"https:\/\/www.chor.pw.edu.pl\/index.php\/wp-json\/wp\/v2\/pages\/32"}],"collection":[{"href":"https:\/\/www.chor.pw.edu.pl\/index.php\/wp-json\/wp\/v2\/pages"}],"about":[{"href":"https:\/\/www.chor.pw.edu.pl\/index.php\/wp-json\/wp\/v2\/types\/page"}],"author":[{"embeddable":true,"href":"https:\/\/www.chor.pw.edu.pl\/index.php\/wp-json\/wp\/v2\/users\/1"}],"replies":[{"embeddable":true,"href":"https:\/\/www.chor.pw.edu.pl\/index.php\/wp-json\/wp\/v2\/comments?post=32"}],"version-history":[{"count":66,"href":"https:\/\/www.chor.pw.edu.pl\/index.php\/wp-json\/wp\/v2\/pages\/32\/revisions"}],"predecessor-version":[{"id":1085,"href":"https:\/\/www.chor.pw.edu.pl\/index.php\/wp-json\/wp\/v2\/pages\/32\/revisions\/1085"}],"wp:attachment":[{"href":"https:\/\/www.chor.pw.edu.pl\/index.php\/wp-json\/wp\/v2\/media?parent=32"}],"curies":[{"name":"wp","href":"https:\/\/api.w.org\/{rel}","templated":true}]}}