{"id":36,"date":"2016-12-12T22:25:30","date_gmt":"2016-12-12T21:25:30","guid":{"rendered":"http:\/\/www.chor.pw.edu.pl\/?page_id=36"},"modified":"2026-03-20T11:53:06","modified_gmt":"2026-03-20T10:53:06","slug":"kontakt","status":"publish","type":"page","link":"https:\/\/www.chor.pw.edu.pl\/index.php\/pl\/kontakt\/","title":{"rendered":"Kontakt"},"content":{"rendered":"<div id=\"pl-36\" class=\"panel-layout\">\n<div id=\"pg-36-0\" class=\"panel-grid panel-no-style\">\n<div id=\"pgc-36-0-0\" class=\"panel-grid-cell\" data-weight=\"0.5\">\n<div id=\"panel-36-0-0-0\" class=\"so-panel widget widget_sow-editor panel-first-child panel-last-child\" data-index=\"0\" data-style=\"{&quot;background_image_attachment&quot;:false,&quot;background_display&quot;:&quot;tile&quot;,&quot;background_image_size&quot;:&quot;full&quot;,&quot;background_image_opacity&quot;:&quot;100&quot;,&quot;border_thickness&quot;:&quot;1px&quot;}\">\n<div class=\"so-widget-sow-editor so-widget-sow-editor-base\">\n<div class=\"siteorigin-widget-tinymce textwidget\">\n<div class=\"wow fadeInLeft\">\n<h3>Gdzie nas znale\u017a\u0107?<\/h3>\n<p>Siedziba ch\u00f3ru znajduje si\u0119 przy ul. Ludwika Wary\u0144skiego 12, 00-631 Warszawa.<\/p>\n<h3>Sekretarz Ch\u00f3ru\u00a0\u2013\u00a0El\u017cbieta Kurpiewska<\/h3>\n<p>Sekretariat ch\u00f3ru jest czynny od poniedzia\u0142ku do pi\u0105tku w godzinach 10.00 &#8211; 14.00.<\/p>\n<div style=\"margin-bottom: 8px;\"><i class=\"fa fa-envelope\"><\/i> <a href=\"mailto:chorpw@gmail.com\">chorpw@gmail.com<\/a><\/div>\n<div style=\"margin-bottom: 8px;\"><i class=\"fa fa-envelope\"><\/i> <a href=\"mailto:elzbieta.kurpiewska@pw.edu.pl\">elzbieta.kurpiewska@pw.edu.pl<\/a><\/div>\n<div style=\"margin-bottom: 8px;\"><\/div>\n<h3>Pr\u00f3by<\/h3>\n<p>Zaj\u0119cia odbywaj\u0105 si\u0119 we wtorki i czwartki w godzinach 18.15 &#8211; 20.45 (wi\u0119cej informacji w zak\u0142adce <a href=\"https:\/\/www.chor.pw.edu.pl\/index.php\/pl\/nabor\/\"><em>Nab\u00f3r<\/em><\/a>).<\/p>\n<h3>Przedstawiciel Rady Ch\u00f3ru \u2013 Maria \u015awitaj<\/h3>\n<p><i class=\"fa fa-phone\"><\/i> +48 888 199 399<\/p>\n<\/div>\n<\/div>\n<\/div>\n<\/div>\n<\/div>\n<div id=\"pgc-36-0-1\" class=\"panel-grid-cell\" data-weight=\"0.5\">\n<div id=\"panel-36-0-1-0\" class=\"so-panel widget widget_sow-google-map panel-first-child panel-last-child\" data-index=\"1\" data-style=\"{&quot;class&quot;:&quot;wow fadeInRight&quot;,&quot;widget_css&quot;:&quot;border: 1px solid #e96656&quot;,&quot;background_display&quot;:&quot;tile&quot;}\">\n<div class=\"wow fadeInRight panel-widget-style panel-widget-style-for-36-0-1-0\"><div\n\t\t\t\n\t\t\tclass=\"so-widget-sow-google-map so-widget-sow-google-map-default-6b23895f316e\"\n\t\t\t\n\t\t>\n<div class=\"sow-google-map-canvas\"\n\tstyle=\"\"\n\tid=\"map-canvas-ca5f14fcb91f6d26e148ed3c37da729d\"\n\tdata-options=\"{&quot;address&quot;:&quot;6288+FF Warszawa&quot;,&quot;zoom&quot;:&quot;14&quot;,&quot;mobileZoom&quot;:&quot;14&quot;,&quot;gestureHandling&quot;:&quot;greedy&quot;,&quot;disableUi&quot;:&quot;&quot;,&quot;markerIcon&quot;:&quot;&quot;,&quot;markersDraggable&quot;:&quot;&quot;,&quot;markerAtCenter&quot;:true,&quot;markerInfoDisplay&quot;:&quot;click&quot;,&quot;markerInfoMultiple&quot;:&quot;1&quot;,&quot;markerPositions&quot;:&quot;&quot;,&quot;mapName&quot;:&quot;&quot;,&quot;mapStyles&quot;:&quot;&quot;,&quot;directions&quot;:&quot;&quot;,&quot;apiKey&quot;:&quot;AIzaSyCGCEVtBDK16ZT8LzdIlpG9rb07mRle3pE&quot;,&quot;breakpoint&quot;:780}\"\n\tdata-fallback-image=\"{&quot;img&quot;:&quot;&quot;}\"><\/div>\n<\/div><\/div>\n<\/div>\n<\/div>\n<\/div>\n<\/div>\n","protected":false},"excerpt":{"rendered":"<p>Gdzie nas znale\u017a\u0107? Siedziba ch\u00f3ru znajduje si\u0119 przy ul. Ludwika Wary\u0144skiego 12, 00-631 Warszawa. Sekretarz Ch\u00f3ru\u00a0\u2013\u00a0El\u017cbieta Kurpiewska Sekretariat ch\u00f3ru jest czynny od poniedzia\u0142ku do pi\u0105tku w godzinach 10.00 &#8211; 14.00. chorpw@gmail.com elzbieta.kurpiewska@pw.edu.pl Pr\u00f3by Zaj\u0119cia odbywaj\u0105 si\u0119 we wtorki i czwartki w godzinach 18.15 &#8211; 20.45 (wi\u0119cej informacji w zak\u0142adce Nab\u00f3r). Przedstawiciel Rady Ch\u00f3ru \u2013 Maria <a href=\"https:\/\/www.chor.pw.edu.pl\/index.php\/pl\/kontakt\/\" rel=\"nofollow\"><span class=\"sr-only\">Read more about Kontakt<\/span>[&#8230;]<\/a><\/p>\n","protected":false},"author":1,"featured_media":0,"parent":0,"menu_order":0,"comment_status":"closed","ping_status":"closed","template":"","meta":{"footnotes":""},"_links":{"self":[{"href":"https:\/\/www.chor.pw.edu.pl\/index.php\/wp-json\/wp\/v2\/pages\/36"}],"collection":[{"href":"https:\/\/www.chor.pw.edu.pl\/index.php\/wp-json\/wp\/v2\/pages"}],"about":[{"href":"https:\/\/www.chor.pw.edu.pl\/index.php\/wp-json\/wp\/v2\/types\/page"}],"author":[{"embeddable":true,"href":"https:\/\/www.chor.pw.edu.pl\/index.php\/wp-json\/wp\/v2\/users\/1"}],"replies":[{"embeddable":true,"href":"https:\/\/www.chor.pw.edu.pl\/index.php\/wp-json\/wp\/v2\/comments?post=36"}],"version-history":[{"count":49,"href":"https:\/\/www.chor.pw.edu.pl\/index.php\/wp-json\/wp\/v2\/pages\/36\/revisions"}],"predecessor-version":[{"id":1360,"href":"https:\/\/www.chor.pw.edu.pl\/index.php\/wp-json\/wp\/v2\/pages\/36\/revisions\/1360"}],"wp:attachment":[{"href":"https:\/\/www.chor.pw.edu.pl\/index.php\/wp-json\/wp\/v2\/media?parent=36"}],"curies":[{"name":"wp","href":"https:\/\/api.w.org\/{rel}","templated":true}]}}